{"id":175,"date":"2024-08-23T06:35:32","date_gmt":"2024-08-23T09:35:32","guid":{"rendered":"https:\/\/corporatestudio.com.br\/?page_id=175"},"modified":"2025-03-14T15:49:40","modified_gmt":"2025-03-14T18:49:40","slug":"cadastro-plano-hospedagem","status":"publish","type":"page","link":"https:\/\/corporatestudio.com.br\/index.php\/cadastro-plano-hospedagem\/","title":{"rendered":"Plano BASIC VPS"},"content":{"rendered":"\t\t<div data-elementor-type=\"wp-page\" data-elementor-id=\"175\" class=\"elementor elementor-175\" data-elementor-settings=\"{&quot;ha_cmc_init_switcher&quot;:&quot;no&quot;}\" data-elementor-post-type=\"page\">\n\t\t\t\t<div class=\"elementor-element elementor-element-58b5520 e-flex e-con-boxed e-con e-parent\" data-id=\"58b5520\" data-element_type=\"container\" data-settings=\"{&quot;_ha_eqh_enable&quot;:false}\">\n\t\t\t\t\t<div class=\"e-con-inner\">\n\t\t\t\t<div class=\"elementor-element elementor-element-2c31499 elementor-widget elementor-widget-text-editor\" data-id=\"2c31499\" data-element_type=\"widget\" data-widget_type=\"text-editor.default\">\n\t\t\t\t<div class=\"elementor-widget-container\">\n\t\t\t\t\t\t\t\t\t<p>Planos de E-mail Profissional que podem ser integrados ao seu VPS. O plano Basic VPS oferece 10 GB de armazenamento e-mails Ilimitados<\/p><p><strong>vCPUs<\/strong>: 12 n\u00facleos\u200b<br \/><strong>Mem\u00f3ria RAM<\/strong>: 2 GB\u200b<br \/><strong>Espa\u00e7o de Armazenamento<\/strong>: 10 GB\u200b<br \/><strong>Tr\u00e1fego de E-mails<\/strong>: Ilimitado\u200b<br \/><strong>Administra\u00e7\u00e3o de Contas de E-mail e Suporte<\/strong>: Inclu\u00eddos\u200b<br \/><strong>Painel de Controle<\/strong>: cPanel com licen\u00e7a inclu\u00edda<\/p><p><strong>Plano Mensal<\/strong>: R$ 47,88<br \/><strong>Plano Semestral<\/strong>: R$ 253,80 (Com desconto de 10%)<br \/><strong>Plano Anual<\/strong>: R$ 507,00 (Com desconto de 10%)<\/p><p><br \/>*Cada e-mail a ser criado al\u00e9m do pacote, ter\u00e1 um valor mensal de R$ 4,40<\/p>\t\t\t\t\t\t\t\t<\/div>\n\t\t\t\t<\/div>\n\t\t\t\t\t<\/div>\n\t\t\t\t<\/div>\n\t\t<div class=\"elementor-element elementor-element-cf40cd4 e-flex e-con-boxed e-con e-parent\" data-id=\"cf40cd4\" data-element_type=\"container\" data-settings=\"{&quot;_ha_eqh_enable&quot;:false}\">\n\t\t\t\t\t<div class=\"e-con-inner\">\n\t\t\t\t<div class=\"elementor-element elementor-element-ae3650a elementor-button-align-stretch elementor-widget elementor-widget-form\" data-id=\"ae3650a\" data-element_type=\"widget\" data-settings=\"{&quot;button_width&quot;:&quot;50&quot;,&quot;step_next_label&quot;:&quot;Next&quot;,&quot;step_previous_label&quot;:&quot;Previous&quot;,&quot;step_type&quot;:&quot;number_text&quot;,&quot;step_icon_shape&quot;:&quot;circle&quot;}\" data-widget_type=\"form.default\">\n\t\t\t\t<div class=\"elementor-widget-container\">\n\t\t\t\t\t\t\t<form class=\"elementor-form\" method=\"post\" name=\"Clientes\">\n\t\t\t<input type=\"hidden\" name=\"post_id\" value=\"175\"\/>\n\t\t\t<input type=\"hidden\" name=\"form_id\" value=\"ae3650a\"\/>\n\t\t\t<input type=\"hidden\" name=\"referer_title\" value=\"Fotografia Corporativas\" \/>\n\n\t\t\t\n\t\t\t<div class=\"ele-extensions-hide-form elementor-form-fields-wrapper elementor-labels-above\">\n\t\t\t\t\t\t\t\t<div class=\"elementor-field-type-text elementor-field-group elementor-column elementor-field-group-name elementor-col-50 elementor-field-required elementor-mark-required\">\n\t\t\t\t\t\t\t\t\t\t\t\t<label for=\"form-field-name\" class=\"elementor-field-label\">\n\t\t\t\t\t\t\t\tNome\t\t\t\t\t\t\t<\/label>\n\t\t\t\t\t\t\t\t\t\t\t\t\t\t<input size=\"1\" type=\"text\" name=\"form_fields[name]\" id=\"form-field-name\" class=\"elementor-field elementor-size-sm  elementor-field-textual\" required=\"required\" aria-required=\"true\">\n\t\t\t\t\t\t\t\t\t\t\t<\/div>\n\t\t\t\t\t\t\t\t<div class=\"elementor-field-type-text elementor-field-group elementor-column elementor-field-group-field_71605a3 elementor-col-50 elementor-field-required elementor-mark-required\">\n\t\t\t\t\t\t\t\t\t\t\t\t<label for=\"form-field-field_71605a3\" class=\"elementor-field-label\">\n\t\t\t\t\t\t\t\tSobrenome\t\t\t\t\t\t\t<\/label>\n\t\t\t\t\t\t\t\t\t\t\t\t\t\t<input size=\"1\" type=\"text\" name=\"form_fields[field_71605a3]\" id=\"form-field-field_71605a3\" class=\"elementor-field elementor-size-sm  elementor-field-textual\" required=\"required\" aria-required=\"true\">\n\t\t\t\t\t\t\t\t\t\t\t<\/div>\n\t\t\t\t\t\t\t\t<div class=\"elementor-field-type-email elementor-field-group elementor-column elementor-field-group-email elementor-col-50 elementor-field-required elementor-mark-required\">\n\t\t\t\t\t\t\t\t\t\t\t\t<label for=\"form-field-email\" class=\"elementor-field-label\">\n\t\t\t\t\t\t\t\tE-mail Pessoal\t\t\t\t\t\t\t<\/label>\n\t\t\t\t\t\t\t\t\t\t\t\t\t\t<input size=\"1\" type=\"email\" name=\"form_fields[email]\" id=\"form-field-email\" class=\"elementor-field elementor-size-sm  elementor-field-textual\" placeholder=\"Email\" required=\"required\" aria-required=\"true\">\n\t\t\t\t\t\t\t\t\t\t\t<\/div>\n\t\t\t\t\t\t\t\t<div class=\"elementor-field-type-maskphone_with_ddd elementor-field-group elementor-column elementor-field-group-field_2d5d1b4 elementor-col-50 elementor-field-required elementor-mark-required\">\n\t\t\t\t\t\t\t\t\t\t\t\t<label for=\"form-field-field_2d5d1b4\" class=\"elementor-field-label\">\n\t\t\t\t\t\t\t\tTelefone WhatsApp \t\t\t\t\t\t\t<\/label>\n\t\t\t\t\t\t<input size=\"1\" type=\"tel\" name=\"form_fields[field_2d5d1b4]\" id=\"form-field-field_2d5d1b4\" class=\"elementor-field elementor-size-sm  elementor-field-textual phone_with_ddd\" required=\"required\" aria-required=\"true\" placeholder=\"Telefone WhatsApp \">\t\t\t\t<\/div>\n\t\t\t\t\t\t\t\t<div class=\"elementor-field-type-maskcpf elementor-field-group elementor-column elementor-field-group-field_6d5f7a6 elementor-col-50 elementor-field-required elementor-mark-required\">\n\t\t\t\t\t\t\t\t\t\t\t\t<label for=\"form-field-field_6d5f7a6\" class=\"elementor-field-label\">\n\t\t\t\t\t\t\t\tCPF\t\t\t\t\t\t\t<\/label>\n\t\t\t\t\t\t<input size=\"1\" type=\"tel\" name=\"form_fields[field_6d5f7a6]\" id=\"form-field-field_6d5f7a6\" class=\"elementor-field elementor-size-sm  elementor-field-textual cpf\" required=\"required\" aria-required=\"true\" placeholder=\"CPF\">\t\t\t\t<\/div>\n\t\t\t\t\t\t\t\t<div class=\"elementor-field-type-select elementor-field-group elementor-column elementor-field-group-field_493e417 elementor-col-50 elementor-field-required elementor-mark-required\">\n\t\t\t\t\t\t\t\t\t\t\t\t<label for=\"form-field-field_493e417\" class=\"elementor-field-label\">\n\t\t\t\t\t\t\t\tPlano Basic VPS\t\t\t\t\t\t\t<\/label>\n\t\t\t\t\t\t\t\t<div class=\"elementor-field elementor-select-wrapper remove-before \">\n\t\t\t<div class=\"select-caret-down-wrapper\">\n\t\t\t\t<svg aria-hidden=\"true\" class=\"e-font-icon-svg e-eicon-caret-down\" viewBox=\"0 0 571.4 571.4\" xmlns=\"http:\/\/www.w3.org\/2000\/svg\"><path d=\"M571 393Q571 407 561 418L311 668Q300 679 286 679T261 668L11 418Q0 407 0 393T11 368 36 357H536Q550 357 561 368T571 393Z\"><\/path><\/svg>\t\t\t<\/div>\n\t\t\t<select name=\"form_fields[field_493e417]\" id=\"form-field-field_493e417\" class=\"elementor-field-textual elementor-size-sm\" required=\"required\" aria-required=\"true\">\n\t\t\t\t\t\t\t\t\t<option value=\"Plano Mensal: R$ 47,88 \">Plano Mensal: R$ 47,88 <\/option>\n\t\t\t\t\t\t\t\t\t<option value=\"Plano Semestral: R$ 253,80 \">Plano Semestral: R$ 253,80 <\/option>\n\t\t\t\t\t\t\t\t\t<option value=\"Plano Anual: R$ 507,00 \">Plano Anual: R$ 507,00 <\/option>\n\t\t\t\t\t\t\t\t\t<option value=\"\"><\/option>\n\t\t\t\t\t\t\t<\/select>\n\t\t<\/div>\n\t\t\t\t\t\t<\/div>\n\t\t\t\t\t\t\t\t<div class=\"elementor-field-type-text elementor-field-group elementor-column elementor-field-group-field_cec4a8a elementor-col-50 elementor-field-required elementor-mark-required\">\n\t\t\t\t\t\t\t\t\t\t\t\t<label for=\"form-field-field_cec4a8a\" class=\"elementor-field-label\">\n\t\t\t\t\t\t\t\tEndere\u00e7o\t\t\t\t\t\t\t<\/label>\n\t\t\t\t\t\t\t\t\t\t\t\t\t\t<input size=\"1\" type=\"text\" name=\"form_fields[field_cec4a8a]\" id=\"form-field-field_cec4a8a\" class=\"elementor-field elementor-size-sm  elementor-field-textual\" required=\"required\" aria-required=\"true\">\n\t\t\t\t\t\t\t\t\t\t\t<\/div>\n\t\t\t\t\t\t\t\t<div class=\"elementor-field-type-number elementor-field-group elementor-column elementor-field-group-field_925bf7b elementor-col-25 elementor-field-required elementor-mark-required\">\n\t\t\t\t\t\t\t\t\t\t\t\t<label for=\"form-field-field_925bf7b\" class=\"elementor-field-label\">\n\t\t\t\t\t\t\t\tNumero\t\t\t\t\t\t\t<\/label>\n\t\t\t\t\t\t\t\t\t<input type=\"number\" name=\"form_fields[field_925bf7b]\" id=\"form-field-field_925bf7b\" class=\"elementor-field elementor-size-sm  elementor-field-textual\" required=\"required\" aria-required=\"true\" min=\"\" max=\"\" >\n\t\t\t\t\t\t<\/div>\n\t\t\t\t\t\t\t\t<div class=\"elementor-field-type-text elementor-field-group elementor-column elementor-field-group-field_a877d1e elementor-col-25 elementor-field-required elementor-mark-required\">\n\t\t\t\t\t\t\t\t\t\t\t\t<label for=\"form-field-field_a877d1e\" class=\"elementor-field-label\">\n\t\t\t\t\t\t\t\tBairro \t\t\t\t\t\t\t<\/label>\n\t\t\t\t\t\t\t\t\t\t\t\t\t\t<input size=\"1\" type=\"text\" name=\"form_fields[field_a877d1e]\" id=\"form-field-field_a877d1e\" class=\"elementor-field elementor-size-sm  elementor-field-textual\" required=\"required\" aria-required=\"true\">\n\t\t\t\t\t\t\t\t\t\t\t<\/div>\n\t\t\t\t\t\t\t\t<div class=\"elementor-field-type-text elementor-field-group elementor-column elementor-field-group-field_4506d09 elementor-col-25 elementor-field-required elementor-mark-required\">\n\t\t\t\t\t\t\t\t\t\t\t\t<label for=\"form-field-field_4506d09\" class=\"elementor-field-label\">\n\t\t\t\t\t\t\t\tEstado\t\t\t\t\t\t\t<\/label>\n\t\t\t\t\t\t\t\t\t\t\t\t\t\t<input size=\"1\" type=\"text\" name=\"form_fields[field_4506d09]\" id=\"form-field-field_4506d09\" class=\"elementor-field elementor-size-sm  elementor-field-textual\" required=\"required\" aria-required=\"true\">\n\t\t\t\t\t\t\t\t\t\t\t<\/div>\n\t\t\t\t\t\t\t\t<div class=\"elementor-field-type-maskcep elementor-field-group elementor-column elementor-field-group-field_1d5e39f elementor-col-25 elementor-field-required elementor-mark-required\">\n\t\t\t\t\t\t\t\t\t\t\t\t<label for=\"form-field-field_1d5e39f\" class=\"elementor-field-label\">\n\t\t\t\t\t\t\t\tCEP \t\t\t\t\t\t\t<\/label>\n\t\t\t\t\t\t<input size=\"1\" type=\"tel\" name=\"form_fields[field_1d5e39f]\" id=\"form-field-field_1d5e39f\" class=\"elementor-field elementor-size-sm  elementor-field-textual cep\" required=\"required\" aria-required=\"true\" placeholder=\"CEP \">\t\t\t\t<\/div>\n\t\t\t\t\t\t\t\t<div class=\"elementor-field-type-text elementor-field-group elementor-column elementor-field-group-field_e3db6ff elementor-col-50\">\n\t\t\t\t\t\t\t\t\t\t\t\t<label for=\"form-field-field_e3db6ff\" class=\"elementor-field-label\">\n\t\t\t\t\t\t\t\tComplemento\t\t\t\t\t\t\t<\/label>\n\t\t\t\t\t\t\t\t\t\t\t\t\t\t<input size=\"1\" type=\"text\" name=\"form_fields[field_e3db6ff]\" id=\"form-field-field_e3db6ff\" class=\"elementor-field elementor-size-sm  elementor-field-textual\">\n\t\t\t\t\t\t\t\t\t\t\t<\/div>\n\t\t\t\t\t\t\t\t<div class=\"elementor-field-type-email elementor-field-group elementor-column elementor-field-group-field_5eda6a9 elementor-col-50 elementor-field-required elementor-mark-required\">\n\t\t\t\t\t\t\t\t\t\t\t\t<label for=\"form-field-field_5eda6a9\" class=\"elementor-field-label\">\n\t\t\t\t\t\t\t\tE-mail Empresarial\t\t\t\t\t\t\t<\/label>\n\t\t\t\t\t\t\t\t\t\t\t\t\t\t<input size=\"1\" type=\"email\" name=\"form_fields[field_5eda6a9]\" id=\"form-field-field_5eda6a9\" class=\"elementor-field elementor-size-sm  elementor-field-textual\" placeholder=\"Email\" required=\"required\" aria-required=\"true\">\n\t\t\t\t\t\t\t\t\t\t\t<\/div>\n\t\t\t\t\t\t\t\t<div class=\"elementor-field-type-text elementor-field-group elementor-column elementor-field-group-field_83b9f4d elementor-col-50 elementor-field-required elementor-mark-required\">\n\t\t\t\t\t\t\t\t\t\t\t\t<label for=\"form-field-field_83b9f4d\" class=\"elementor-field-label\">\n\t\t\t\t\t\t\t\tCidade\t\t\t\t\t\t\t<\/label>\n\t\t\t\t\t\t\t\t\t\t\t\t\t\t<input size=\"1\" type=\"text\" name=\"form_fields[field_83b9f4d]\" id=\"form-field-field_83b9f4d\" class=\"elementor-field elementor-size-sm  elementor-field-textual\" required=\"required\" aria-required=\"true\">\n\t\t\t\t\t\t\t\t\t\t\t<\/div>\n\t\t\t\t\t\t\t\t<div class=\"elementor-field-type-text elementor-field-group elementor-column elementor-field-group-field_cbb82d0 elementor-col-50\">\n\t\t\t\t\t\t\t\t\t\t\t\t<label for=\"form-field-field_cbb82d0\" class=\"elementor-field-label\">\n\t\t\t\t\t\t\t\tEmpresa\t\t\t\t\t\t\t<\/label>\n\t\t\t\t\t\t\t\t\t\t\t\t\t\t<input size=\"1\" type=\"text\" name=\"form_fields[field_cbb82d0]\" id=\"form-field-field_cbb82d0\" class=\"elementor-field elementor-size-sm  elementor-field-textual\">\n\t\t\t\t\t\t\t\t\t\t\t<\/div>\n\t\t\t\t\t\t\t\t<div class=\"elementor-field-type-maskcpfcnpj elementor-field-group elementor-column elementor-field-group-field_8ebf1f7 elementor-col-50 elementor-field-required elementor-mark-required\">\n\t\t\t\t\t\t\t\t\t\t\t\t<label for=\"form-field-field_8ebf1f7\" class=\"elementor-field-label\">\n\t\t\t\t\t\t\t\tCNPJ ou CPF\t\t\t\t\t\t\t<\/label>\n\t\t\t\t\t\t<input size=\"1\" type=\"tel\" name=\"form_fields[field_8ebf1f7]\" id=\"form-field-field_8ebf1f7\" class=\"elementor-field elementor-size-sm  elementor-field-textual cpfcnpj\" required=\"required\" aria-required=\"true\" placeholder=\"CNPJ ou CPF\">\t\t\t\t<\/div>\n\t\t\t\t\t\t\t\t<div class=\"elementor-field-type-text elementor-field-group elementor-column elementor-field-group-field_798ddd8 elementor-col-50 elementor-field-required elementor-mark-required\">\n\t\t\t\t\t\t\t\t\t\t\t\t<label for=\"form-field-field_798ddd8\" class=\"elementor-field-label\">\n\t\t\t\t\t\t\t\tEndere\u00e7o Empresa\t\t\t\t\t\t\t<\/label>\n\t\t\t\t\t\t\t\t\t\t\t\t\t\t<input size=\"1\" type=\"text\" name=\"form_fields[field_798ddd8]\" id=\"form-field-field_798ddd8\" class=\"elementor-field elementor-size-sm  elementor-field-textual\" required=\"required\" aria-required=\"true\">\n\t\t\t\t\t\t\t\t\t\t\t<\/div>\n\t\t\t\t\t\t\t\t<div class=\"elementor-field-type-number elementor-field-group elementor-column elementor-field-group-field_e0f26c4 elementor-col-25 elementor-field-required elementor-mark-required\">\n\t\t\t\t\t\t\t\t\t\t\t\t<label for=\"form-field-field_e0f26c4\" class=\"elementor-field-label\">\n\t\t\t\t\t\t\t\tNumero \t\t\t\t\t\t\t<\/label>\n\t\t\t\t\t\t\t\t\t<input type=\"number\" name=\"form_fields[field_e0f26c4]\" id=\"form-field-field_e0f26c4\" class=\"elementor-field elementor-size-sm  elementor-field-textual\" required=\"required\" aria-required=\"true\" min=\"\" max=\"\" >\n\t\t\t\t\t\t<\/div>\n\t\t\t\t\t\t\t\t<div class=\"elementor-field-type-text elementor-field-group elementor-column elementor-field-group-field_21d6dd7 elementor-col-25 elementor-field-required elementor-mark-required\">\n\t\t\t\t\t\t\t\t\t\t\t\t<label for=\"form-field-field_21d6dd7\" class=\"elementor-field-label\">\n\t\t\t\t\t\t\t\tBairro\t\t\t\t\t\t\t<\/label>\n\t\t\t\t\t\t\t\t\t\t\t\t\t\t<input size=\"1\" type=\"text\" name=\"form_fields[field_21d6dd7]\" id=\"form-field-field_21d6dd7\" class=\"elementor-field elementor-size-sm  elementor-field-textual\" required=\"required\" aria-required=\"true\">\n\t\t\t\t\t\t\t\t\t\t\t<\/div>\n\t\t\t\t\t\t\t\t<div class=\"elementor-field-type-maskcep elementor-field-group elementor-column elementor-field-group-field_f8b30dc elementor-col-25 elementor-field-required elementor-mark-required\">\n\t\t\t\t\t\t\t\t\t\t\t\t<label for=\"form-field-field_f8b30dc\" class=\"elementor-field-label\">\n\t\t\t\t\t\t\t\tCEP\t\t\t\t\t\t\t<\/label>\n\t\t\t\t\t\t<input size=\"1\" type=\"tel\" name=\"form_fields[field_f8b30dc]\" id=\"form-field-field_f8b30dc\" class=\"elementor-field elementor-size-sm  elementor-field-textual cep\" required=\"required\" aria-required=\"true\" placeholder=\"CEP\">\t\t\t\t<\/div>\n\t\t\t\t\t\t\t\t<div class=\"elementor-field-type-text elementor-field-group elementor-column elementor-field-group-field_edb7e89 elementor-col-25 elementor-field-required elementor-mark-required\">\n\t\t\t\t\t\t\t\t\t\t\t\t<label for=\"form-field-field_edb7e89\" class=\"elementor-field-label\">\n\t\t\t\t\t\t\t\tEstado \t\t\t\t\t\t\t<\/label>\n\t\t\t\t\t\t\t\t\t\t\t\t\t\t<input size=\"1\" type=\"text\" name=\"form_fields[field_edb7e89]\" id=\"form-field-field_edb7e89\" class=\"elementor-field elementor-size-sm  elementor-field-textual\" required=\"required\" aria-required=\"true\">\n\t\t\t\t\t\t\t\t\t\t\t<\/div>\n\t\t\t\t\t\t\t\t<div class=\"elementor-field-type-hidden elementor-field-group elementor-column elementor-field-group-field_520e648 elementor-col-100\">\n\t\t\t\t\t\t\t\t\t\t\t\t\t<input size=\"1\" type=\"hidden\" name=\"form_fields[field_520e648]\" id=\"form-field-field_520e648\" class=\"elementor-field elementor-size-sm  elementor-field-textual\" value=\"Form_ID_10012\">\n\t\t\t\t\t\t\t\t\t\t\t<\/div>\n\t\t\t\t\t\t\t\t<div class=\"elementor-field-group elementor-column elementor-field-type-submit elementor-col-50 e-form__buttons\">\n\t\t\t\t\t<button class=\"elementor-button elementor-size-sm\" type=\"submit\">\n\t\t\t\t\t\t<span class=\"elementor-button-content-wrapper\">\n\t\t\t\t\t\t\t\t\t\t\t\t\t\t\t\t\t\t\t\t\t\t<span class=\"elementor-button-text\">ENVIAR<\/span>\n\t\t\t\t\t\t\t\t\t\t\t\t\t<\/span>\n\t\t\t\t\t<\/button>\n\t\t\t\t<\/div>\n\t\t\t<\/div>\n\t\t<\/form>\n\t\t\t\t\t\t<\/div>\n\t\t\t\t<\/div>\n\t\t\t\t\t<\/div>\n\t\t\t\t<\/div>\n\t\t<div class=\"elementor-element elementor-element-07505bc e-flex e-con-boxed e-con e-parent\" data-id=\"07505bc\" data-element_type=\"container\" data-settings=\"{&quot;_ha_eqh_enable&quot;:false}\">\n\t\t\t\t\t<div class=\"e-con-inner\">\n\t\t\t\t<div class=\"elementor-element elementor-element-1ed11c2 elementor-widget elementor-widget-spacer\" data-id=\"1ed11c2\" data-element_type=\"widget\" data-widget_type=\"spacer.default\">\n\t\t\t\t<div class=\"elementor-widget-container\">\n\t\t\t\t\t\t\t<div class=\"elementor-spacer\">\n\t\t\t<div class=\"elementor-spacer-inner\"><\/div>\n\t\t<\/div>\n\t\t\t\t\t\t<\/div>\n\t\t\t\t<\/div>\n\t\t\t\t\t<\/div>\n\t\t\t\t<\/div>\n\t\t\t\t<\/div>\n\t\t","protected":false},"excerpt":{"rendered":"<p>Planos de E-mail Profissional que podem ser integrados ao seu VPS. O plano Basic VPS oferece 10 GB de armazenamento e-mails Ilimitados vCPUs: 12 n\u00facleos\u200bMem\u00f3ria RAM: 2 GB\u200bEspa\u00e7o de Armazenamento: 10 GB\u200bTr\u00e1fego de E-mails: Ilimitado\u200bAdministra\u00e7\u00e3o de Contas de E-mail e Suporte: Inclu\u00eddos\u200bPainel de Controle: cPanel com licen\u00e7a inclu\u00edda Plano Mensal: R$ 47,88Plano Semestral: R$ 253,80 [&hellip;]<\/p>\n","protected":false},"author":1,"featured_media":0,"parent":0,"menu_order":0,"comment_status":"closed","ping_status":"closed","template":"","meta":{"footnotes":""},"class_list":["post-175","page","type-page","status-publish","hentry"],"yoast_head":"<!-- This site is optimized with the Yoast SEO plugin v24.2 - https:\/\/yoast.com\/wordpress\/plugins\/seo\/ -->\n<title>Plano BASIC VPS - Fotografia Corporativas<\/title>\n<meta name=\"robots\" content=\"index, follow, max-snippet:-1, max-image-preview:large, max-video-preview:-1\" \/>\n<link rel=\"canonical\" href=\"https:\/\/corporatestudio.com.br\/index.php\/cadastro-plano-hospedagem\/\" \/>\n<meta property=\"og:locale\" content=\"pt_BR\" \/>\n<meta property=\"og:type\" content=\"article\" \/>\n<meta property=\"og:title\" content=\"Plano BASIC VPS - Fotografia Corporativas\" \/>\n<meta property=\"og:description\" content=\"Planos de E-mail Profissional que podem ser integrados ao seu VPS. O plano Basic VPS oferece 10 GB de armazenamento e-mails Ilimitados vCPUs: 12 n\u00facleos\u200bMem\u00f3ria RAM: 2 GB\u200bEspa\u00e7o de Armazenamento: 10 GB\u200bTr\u00e1fego de E-mails: Ilimitado\u200bAdministra\u00e7\u00e3o de Contas de E-mail e Suporte: Inclu\u00eddos\u200bPainel de Controle: cPanel com licen\u00e7a inclu\u00edda Plano Mensal: R$ 47,88Plano Semestral: R$ 253,80 [&hellip;]\" \/>\n<meta property=\"og:url\" content=\"https:\/\/corporatestudio.com.br\/index.php\/cadastro-plano-hospedagem\/\" \/>\n<meta property=\"og:site_name\" content=\"Fotografia Corporativas\" \/>\n<meta property=\"article:modified_time\" content=\"2025-03-14T18:49:40+00:00\" \/>\n<meta name=\"twitter:card\" content=\"summary_large_image\" \/>\n<script type=\"application\/ld+json\" class=\"yoast-schema-graph\">{\"@context\":\"https:\/\/schema.org\",\"@graph\":[{\"@type\":\"WebPage\",\"@id\":\"https:\/\/corporatestudio.com.br\/index.php\/cadastro-plano-hospedagem\/\",\"url\":\"https:\/\/corporatestudio.com.br\/index.php\/cadastro-plano-hospedagem\/\",\"name\":\"Plano BASIC VPS - Fotografia Corporativas\",\"isPartOf\":{\"@id\":\"https:\/\/corporatestudio.com.br\/#website\"},\"datePublished\":\"2024-08-23T09:35:32+00:00\",\"dateModified\":\"2025-03-14T18:49:40+00:00\",\"breadcrumb\":{\"@id\":\"https:\/\/corporatestudio.com.br\/index.php\/cadastro-plano-hospedagem\/#breadcrumb\"},\"inLanguage\":\"pt-BR\",\"potentialAction\":[{\"@type\":\"ReadAction\",\"target\":[\"https:\/\/corporatestudio.com.br\/index.php\/cadastro-plano-hospedagem\/\"]}]},{\"@type\":\"BreadcrumbList\",\"@id\":\"https:\/\/corporatestudio.com.br\/index.php\/cadastro-plano-hospedagem\/#breadcrumb\",\"itemListElement\":[{\"@type\":\"ListItem\",\"position\":1,\"name\":\"In\u00edcio\",\"item\":\"https:\/\/corporatestudio.com.br\/\"},{\"@type\":\"ListItem\",\"position\":2,\"name\":\"Plano BASIC VPS\"}]},{\"@type\":\"WebSite\",\"@id\":\"https:\/\/corporatestudio.com.br\/#website\",\"url\":\"https:\/\/corporatestudio.com.br\/\",\"name\":\"Fotografia Corporativas\",\"description\":\"\",\"publisher\":{\"@id\":\"https:\/\/corporatestudio.com.br\/#organization\"},\"potentialAction\":[{\"@type\":\"SearchAction\",\"target\":{\"@type\":\"EntryPoint\",\"urlTemplate\":\"https:\/\/corporatestudio.com.br\/?s={search_term_string}\"},\"query-input\":{\"@type\":\"PropertyValueSpecification\",\"valueRequired\":true,\"valueName\":\"search_term_string\"}}],\"inLanguage\":\"pt-BR\"},{\"@type\":\"Organization\",\"@id\":\"https:\/\/corporatestudio.com.br\/#organization\",\"name\":\"Fotografia Corporativas\",\"url\":\"https:\/\/corporatestudio.com.br\/\",\"logo\":{\"@type\":\"ImageObject\",\"inLanguage\":\"pt-BR\",\"@id\":\"https:\/\/corporatestudio.com.br\/#\/schema\/logo\/image\/\",\"url\":\"https:\/\/corporatestudio.com.br\/wp-content\/uploads\/2025\/04\/Corporate-Vision-Logo-preto.png\",\"contentUrl\":\"https:\/\/corporatestudio.com.br\/wp-content\/uploads\/2025\/04\/Corporate-Vision-Logo-preto.png\",\"width\":1280,\"height\":545,\"caption\":\"Fotografia Corporativas\"},\"image\":{\"@id\":\"https:\/\/corporatestudio.com.br\/#\/schema\/logo\/image\/\"},\"sameAs\":[\"https:\/\/www.instagram.com\/corporatevisionoficial\",\"https:\/\/www.linkedin.com\/company\/corporate-vision-oficial\",\"https:\/\/www.youtube.com\/@CorporateVisionOficial\"]}]}<\/script>\n<!-- \/ Yoast SEO plugin. -->","yoast_head_json":{"title":"Plano BASIC VPS - Fotografia Corporativas","robots":{"index":"index","follow":"follow","max-snippet":"max-snippet:-1","max-image-preview":"max-image-preview:large","max-video-preview":"max-video-preview:-1"},"canonical":"https:\/\/corporatestudio.com.br\/index.php\/cadastro-plano-hospedagem\/","og_locale":"pt_BR","og_type":"article","og_title":"Plano BASIC VPS - Fotografia Corporativas","og_description":"Planos de E-mail Profissional que podem ser integrados ao seu VPS. O plano Basic VPS oferece 10 GB de armazenamento e-mails Ilimitados vCPUs: 12 n\u00facleos\u200bMem\u00f3ria RAM: 2 GB\u200bEspa\u00e7o de Armazenamento: 10 GB\u200bTr\u00e1fego de E-mails: Ilimitado\u200bAdministra\u00e7\u00e3o de Contas de E-mail e Suporte: Inclu\u00eddos\u200bPainel de Controle: cPanel com licen\u00e7a inclu\u00edda Plano Mensal: R$ 47,88Plano Semestral: R$ 253,80 [&hellip;]","og_url":"https:\/\/corporatestudio.com.br\/index.php\/cadastro-plano-hospedagem\/","og_site_name":"Fotografia Corporativas","article_modified_time":"2025-03-14T18:49:40+00:00","twitter_card":"summary_large_image","schema":{"@context":"https:\/\/schema.org","@graph":[{"@type":"WebPage","@id":"https:\/\/corporatestudio.com.br\/index.php\/cadastro-plano-hospedagem\/","url":"https:\/\/corporatestudio.com.br\/index.php\/cadastro-plano-hospedagem\/","name":"Plano BASIC VPS - Fotografia Corporativas","isPartOf":{"@id":"https:\/\/corporatestudio.com.br\/#website"},"datePublished":"2024-08-23T09:35:32+00:00","dateModified":"2025-03-14T18:49:40+00:00","breadcrumb":{"@id":"https:\/\/corporatestudio.com.br\/index.php\/cadastro-plano-hospedagem\/#breadcrumb"},"inLanguage":"pt-BR","potentialAction":[{"@type":"ReadAction","target":["https:\/\/corporatestudio.com.br\/index.php\/cadastro-plano-hospedagem\/"]}]},{"@type":"BreadcrumbList","@id":"https:\/\/corporatestudio.com.br\/index.php\/cadastro-plano-hospedagem\/#breadcrumb","itemListElement":[{"@type":"ListItem","position":1,"name":"In\u00edcio","item":"https:\/\/corporatestudio.com.br\/"},{"@type":"ListItem","position":2,"name":"Plano BASIC VPS"}]},{"@type":"WebSite","@id":"https:\/\/corporatestudio.com.br\/#website","url":"https:\/\/corporatestudio.com.br\/","name":"Fotografia Corporativas","description":"","publisher":{"@id":"https:\/\/corporatestudio.com.br\/#organization"},"potentialAction":[{"@type":"SearchAction","target":{"@type":"EntryPoint","urlTemplate":"https:\/\/corporatestudio.com.br\/?s={search_term_string}"},"query-input":{"@type":"PropertyValueSpecification","valueRequired":true,"valueName":"search_term_string"}}],"inLanguage":"pt-BR"},{"@type":"Organization","@id":"https:\/\/corporatestudio.com.br\/#organization","name":"Fotografia Corporativas","url":"https:\/\/corporatestudio.com.br\/","logo":{"@type":"ImageObject","inLanguage":"pt-BR","@id":"https:\/\/corporatestudio.com.br\/#\/schema\/logo\/image\/","url":"https:\/\/corporatestudio.com.br\/wp-content\/uploads\/2025\/04\/Corporate-Vision-Logo-preto.png","contentUrl":"https:\/\/corporatestudio.com.br\/wp-content\/uploads\/2025\/04\/Corporate-Vision-Logo-preto.png","width":1280,"height":545,"caption":"Fotografia Corporativas"},"image":{"@id":"https:\/\/corporatestudio.com.br\/#\/schema\/logo\/image\/"},"sameAs":["https:\/\/www.instagram.com\/corporatevisionoficial","https:\/\/www.linkedin.com\/company\/corporate-vision-oficial","https:\/\/www.youtube.com\/@CorporateVisionOficial"]}]}},"_links":{"self":[{"href":"https:\/\/corporatestudio.com.br\/index.php\/wp-json\/wp\/v2\/pages\/175","targetHints":{"allow":["GET"]}}],"collection":[{"href":"https:\/\/corporatestudio.com.br\/index.php\/wp-json\/wp\/v2\/pages"}],"about":[{"href":"https:\/\/corporatestudio.com.br\/index.php\/wp-json\/wp\/v2\/types\/page"}],"author":[{"embeddable":true,"href":"https:\/\/corporatestudio.com.br\/index.php\/wp-json\/wp\/v2\/users\/1"}],"replies":[{"embeddable":true,"href":"https:\/\/corporatestudio.com.br\/index.php\/wp-json\/wp\/v2\/comments?post=175"}],"version-history":[{"count":98,"href":"https:\/\/corporatestudio.com.br\/index.php\/wp-json\/wp\/v2\/pages\/175\/revisions"}],"predecessor-version":[{"id":438,"href":"https:\/\/corporatestudio.com.br\/index.php\/wp-json\/wp\/v2\/pages\/175\/revisions\/438"}],"wp:attachment":[{"href":"https:\/\/corporatestudio.com.br\/index.php\/wp-json\/wp\/v2\/media?parent=175"}],"curies":[{"name":"wp","href":"https:\/\/api.w.org\/{rel}","templated":true}]}}